{"id":83,"date":"2025-06-17T06:37:44","date_gmt":"2025-06-17T06:37:44","guid":{"rendered":"https:\/\/www.lahdenratsastajat.fi\/?page_id=83"},"modified":"2025-10-07T10:53:58","modified_gmt":"2025-10-07T08:53:58","slug":"83-2","status":"publish","type":"page","link":"https:\/\/www.lahdenratsastajat.fi\/?page_id=83","title":{"rendered":"Yhteisty\u00f6kumppanit ja j\u00e4senedut"},"content":{"rendered":"\n[et_pb_section fb_built=&#8221;1&#8243; _builder_version=&#8221;4.27.4&#8243; _module_preset=&#8221;default&#8221; background_image=&#8221;http:\/\/www.lahdenratsastajat.fi\/wp-content\/uploads\/2025\/08\/Y5A0394.jpg&#8221; min_height=&#8221;600px&#8221; max_height=&#8221;600px&#8221; max_height_tablet=&#8221;600px&#8221; max_height_phone=&#8221;350px&#8221; max_height_last_edited=&#8221;on|tablet&#8221; global_colors_info=&#8221;{}&#8221;][\/et_pb_section][et_pb_section fb_built=&#8221;1&#8243; _builder_version=&#8221;4.27.4&#8243; _module_preset=&#8221;default&#8221; background_color=&#8221;rgba(145,201,179,0.3)&#8221; global_colors_info=&#8221;{}&#8221;][et_pb_row _builder_version=&#8221;4.27.4&#8243; _module_preset=&#8221;default&#8221; global_colors_info=&#8221;{}&#8221;][et_pb_column type=&#8221;4_4&#8243; _builder_version=&#8221;4.27.4&#8243; _module_preset=&#8221;default&#8221; global_colors_info=&#8221;{}&#8221;][et_pb_text _builder_version=&#8221;4.27.4&#8243; _module_preset=&#8221;default&#8221; global_colors_info=&#8221;{}&#8221;]<h1>Aarteena Takkula &#8211; Tavoitteena yhteisty\u00f6<\/h1>[\/et_pb_text][et_pb_text _builder_version=&#8221;4.27.4&#8243; _module_preset=&#8221;default&#8221; global_colors_info=&#8221;{}&#8221;]<p>Paikallista ratsastusseuraa voi tukea monella tavalla.<\/p>\n<p>Meid\u00e4n tavoitteena on molempia osapuolia hy\u00f6dytt\u00e4v\u00e4 yhteisty\u00f6, jossa tukenne ohjataan <span class=\"OYPEnA font-feature-liga-off font-feature-clig-off font-feature-calt-off text-decoration-none text-strikethrough-none\">edist\u00e4m\u00e4\u00e4n suomalaista hevoskulttuuria, Takkulan saattamiseen maailman kartalle ja\u00a0 tulevaisuuden ratsastusurheilun t\u00e4htien kasvattamiseen.<\/span><\/p>[\/et_pb_text][\/et_pb_column][\/et_pb_row][\/et_pb_section][et_pb_section fb_built=&#8221;1&#8243; _builder_version=&#8221;4.27.4&#8243; _module_preset=&#8221;default&#8221; background_color=&#8221;#FFFFFF&#8221; global_colors_info=&#8221;{}&#8221;][et_pb_row column_structure=&#8221;1_3,2_3&#8243; _builder_version=&#8221;4.27.4&#8243; _module_preset=&#8221;default&#8221; global_colors_info=&#8221;{}&#8221;][et_pb_column type=&#8221;1_3&#8243; _builder_version=&#8221;4.27.4&#8243; _module_preset=&#8221;default&#8221; global_colors_info=&#8221;{}&#8221;][et_pb_text _builder_version=&#8221;4.27.4&#8243; _module_preset=&#8221;default&#8221; text_text_color=&#8221;#228664&#8243; link_option_url=&#8221;https:\/\/kasarmivet.fi\/&#8221; link_option_url_new_window=&#8221;on&#8221; global_colors_info=&#8221;{}&#8221;]<h2><span style=\"color: #228664;\">Equuscare &#8211; <a href=\"https:\/\/hevosia.fi\">hevosia.fi<\/a><\/span><\/h2>[\/et_pb_text][et_pb_text _builder_version=&#8221;4.27.4&#8243; _module_preset=&#8221;default&#8221; global_colors_info=&#8221;{}&#8221; hover_enabled=&#8221;0&#8243; sticky_enabled=&#8221;0&#8243;]<p>Equuscare palvelee kaikkia ratsastusurheilun yst\u00e4vi\u00e4 Lahdessa ja\u00a0 verkkokaupassa <a href=\"https:\/\/www.hevosia.fi\/fi\">hevosia.fi<\/a>.<a href=\"https:\/\/kasarmivet.fi\/\"><\/a><\/p>\n<p>Lahden ratsastajat ry:n j\u00e4senet saavat kivijalkamyym\u00e4l\u00e4ss\u00e4 normaalihintaisista tuotteista -15% alennuksen, rehuista -5% alennuksen.<\/p>\n<p><a href=\"https:\/\/www.hevosia.fi\/fi\">hevosia.fi<\/a><\/p>[\/et_pb_text][\/et_pb_column][et_pb_column type=&#8221;2_3&#8243; _builder_version=&#8221;4.27.4&#8243; _module_preset=&#8221;default&#8221; global_colors_info=&#8221;{}&#8221;][et_pb_image src=&#8221;http:\/\/www.lahdenratsastajat.fi\/wp-content\/uploads\/2025\/08\/IG-2-e1759826982942.jpg&#8221; title_text=&#8221;IG (2)&#8221; align=&#8221;center&#8221; _builder_version=&#8221;4.27.4&#8243; _module_preset=&#8221;default&#8221; hover_enabled=&#8221;0&#8243; global_colors_info=&#8221;{}&#8221; sticky_enabled=&#8221;0&#8243;][\/et_pb_image][\/et_pb_column][\/et_pb_row][\/et_pb_section][et_pb_section fb_built=&#8221;1&#8243; _builder_version=&#8221;4.27.4&#8243; _module_preset=&#8221;default&#8221; background_color=&#8221;RGBA(145,201,179,0.5)&#8221; hover_enabled=&#8221;0&#8243; global_colors_info=&#8221;{}&#8221; sticky_enabled=&#8221;0&#8243;][et_pb_row column_structure=&#8221;3_5,2_5&#8243; _builder_version=&#8221;4.27.4&#8243; _module_preset=&#8221;default&#8221; global_colors_info=&#8221;{}&#8221;][et_pb_column type=&#8221;3_5&#8243; _builder_version=&#8221;4.27.4&#8243; _module_preset=&#8221;default&#8221; global_colors_info=&#8221;{}&#8221;][et_pb_text _builder_version=&#8221;4.27.4&#8243; _module_preset=&#8221;default&#8221; text_text_color=&#8221;#228664&#8243; custom_padding=&#8221;1px|||||&#8221; link_option_url=&#8221;https:\/\/kasarmivet.fi\/&#8221; link_option_url_new_window=&#8221;on&#8221; global_colors_info=&#8221;{}&#8221; hover_enabled=&#8221;0&#8243; sticky_enabled=&#8221;0&#8243;]<h2><span style=\"color: #000000;\">Wahlst\u00e9n<\/span><\/h2>[\/et_pb_text][et_pb_text _builder_version=&#8221;4.27.4&#8243; _module_preset=&#8221;default&#8221; global_colors_info=&#8221;{}&#8221; hover_enabled=&#8221;0&#8243; sticky_enabled=&#8221;0&#8243;]<p><span>Velj. Wahlst\u00e9n Oy on hevostarvikkeita myyv\u00e4 ja valmistava kotimainen yritys, jolla on yli 100 \u2013 vuoden historia. Tehtaanmyym\u00e4l\u00e4, toimistotilat, tuotanto sek\u00e4 varasto sijaitsevat Lahdessa. <\/span><\/p>\n<p><span>Wahlst\u00e9n on tullut tunnetuksi ennen kaikkea laadukkaista nahkavarusteista. Pitk\u00e4n historian aikana kehittynyt ammattitaito on huomattu my\u00f6s maailmalla, ja t\u00e4n\u00e4 p\u00e4iv\u00e4n\u00e4 Wahlst\u00e9nin hevostarvikkeita myyd\u00e4\u00e4n ja arvostetaan ymp\u00e4ri maailmaa. Wahlst\u00e9nin tavoitteena on tehd\u00e4 kest\u00e4vi\u00e4 ja k\u00e4yt\u00e4nn\u00f6llisi\u00e4 varusteita kaikille hevosurheilusta kiinnostuneille, niin harrastajille kuin ammattilaisillekin.\u00a0<\/span><\/p>\n<p><span>Wahlst\u00e9n tarjoaa Lahden ratsastajat ry:n j\u00e4senille -15% alennuksen normaalihintaisista tuotteista tehtaanmyym\u00e4l\u00e4ss\u00e4.<\/span><\/p>\n<p><span style=\"color: #000000;\"><a href=\"https:\/\/www.veljwahlsten.com\/fi\" style=\"color: #000000;\">wahlsten.com<\/a><\/span><\/p>[\/et_pb_text][\/et_pb_column][et_pb_column type=&#8221;2_5&#8243; _builder_version=&#8221;4.27.4&#8243; _module_preset=&#8221;default&#8221; global_colors_info=&#8221;{}&#8221;][et_pb_image src=&#8221;http:\/\/www.lahdenratsastajat.fi\/wp-content\/uploads\/2025\/08\/IG-1.png&#8221; title_text=&#8221;IG (1)&#8221; align=&#8221;center&#8221; _builder_version=&#8221;4.27.4&#8243; _module_preset=&#8221;default&#8221; height=&#8221;400px&#8221; global_colors_info=&#8221;{}&#8221;][\/et_pb_image][\/et_pb_column][\/et_pb_row][\/et_pb_section][et_pb_section fb_built=&#8221;1&#8243; _builder_version=&#8221;4.27.4&#8243; _module_preset=&#8221;default&#8221; background_color=&#8221;#40938C&#8221; hover_enabled=&#8221;0&#8243; global_colors_info=&#8221;{}&#8221; sticky_enabled=&#8221;0&#8243;][et_pb_row column_structure=&#8221;3_5,2_5&#8243; _builder_version=&#8221;4.27.4&#8243; _module_preset=&#8221;default&#8221; global_colors_info=&#8221;{}&#8221;][et_pb_column type=&#8221;3_5&#8243; _builder_version=&#8221;4.27.4&#8243; _module_preset=&#8221;default&#8221; global_colors_info=&#8221;{}&#8221;][et_pb_text _builder_version=&#8221;4.27.4&#8243; _module_preset=&#8221;default&#8221; text_text_color=&#8221;#FFFFFF&#8221; custom_padding=&#8221;1px|||||&#8221; link_option_url=&#8221;https:\/\/kasarmivet.fi\/&#8221; link_option_url_new_window=&#8221;on&#8221; hover_enabled=&#8221;0&#8243; global_colors_info=&#8221;{}&#8221; sticky_enabled=&#8221;0&#8243; background_color=&#8221;RGBA(255,255,255,0)&#8221;]<h2><span style=\"color: #ffffff;\">Back On Track<\/span><\/h2>[\/et_pb_text][et_pb_text _builder_version=&#8221;4.27.4&#8243; _module_preset=&#8221;default&#8221; hover_enabled=&#8221;0&#8243; global_colors_info=&#8221;{}&#8221; sticky_enabled=&#8221;0&#8243;]<p><span style=\"color: #ffffff;\">Back on Track on vuonna 2000 perustettu ruotsalainen yritys, jonka visiona on luoda tuotteita ihmisten, hevosten ja koirien hyvinvoinnin lis\u00e4\u00e4miseksi.<\/span><\/p>\n<p><span style=\"color: #ffffff;\">Back on Track tarjoaa Lahden ratsastajien j\u00e4senille -20% alennuksen verkkokauppaan ja palkitsee vuoden 2025 seniorin ja juniorin lahjakortilla.<\/span><\/p>\n<p><span style=\"color: #ffffff;\"><a href=\"https:\/\/backontrack.fi\/\" style=\"color: #ffffff;\">backontrack.fi<\/a><\/span><\/p>[\/et_pb_text][\/et_pb_column][et_pb_column type=&#8221;2_5&#8243; _builder_version=&#8221;4.27.4&#8243; _module_preset=&#8221;default&#8221; global_colors_info=&#8221;{}&#8221;][et_pb_image src=&#8221;http:\/\/www.lahdenratsastajat.fi\/wp-content\/uploads\/2025\/10\/Logot-04-scaled.jpg&#8221; title_text=&#8221;Logot-04&#8243; align=&#8221;center&#8221; _builder_version=&#8221;4.27.4&#8243; _module_preset=&#8221;default&#8221; hover_enabled=&#8221;0&#8243; global_colors_info=&#8221;{}&#8221; background_color=&#8221;RGBA(255,255,255,0)&#8221; sticky_enabled=&#8221;0&#8243;][\/et_pb_image][\/et_pb_column][\/et_pb_row][\/et_pb_section][et_pb_section fb_built=&#8221;1&#8243; _builder_version=&#8221;4.27.4&#8243; _module_preset=&#8221;default&#8221; background_color=&#8221;RGBA(255,255,255,0)&#8221; hover_enabled=&#8221;0&#8243; global_colors_info=&#8221;{}&#8221; sticky_enabled=&#8221;0&#8243;][et_pb_row column_structure=&#8221;3_5,2_5&#8243; _builder_version=&#8221;4.27.4&#8243; _module_preset=&#8221;default&#8221; global_colors_info=&#8221;{}&#8221;][et_pb_column type=&#8221;3_5&#8243; _builder_version=&#8221;4.27.4&#8243; _module_preset=&#8221;default&#8221; global_colors_info=&#8221;{}&#8221;][et_pb_text _builder_version=&#8221;4.27.4&#8243; _module_preset=&#8221;default&#8221; text_text_color=&#8221;#228664&#8243; custom_padding=&#8221;1px|||||&#8221; link_option_url=&#8221;https:\/\/kasarmivet.fi\/&#8221; link_option_url_new_window=&#8221;on&#8221; hover_enabled=&#8221;0&#8243; global_colors_info=&#8221;{}&#8221; sticky_enabled=&#8221;0&#8243;]<h2><span style=\"color: #228664;\">Ratsukellari<\/span><\/h2>[\/et_pb_text][et_pb_text _builder_version=&#8221;4.27.4&#8243; _module_preset=&#8221;default&#8221; hover_enabled=&#8221;0&#8243; global_colors_info=&#8221;{}&#8221; sticky_enabled=&#8221;0&#8243;]<p><span>Ratsukellari on ratsastus- ja hevostarvikkeiden erikoisliike Pirkkalassa.<\/span><\/p>\n<p>Ratsukellarista l\u00f6yd\u00e4t laadukkaat varusteet niin ratsastajalle kuin hevosellekkin. Meilt\u00e4 saa my\u00f6s lahjakortit vapaavalintaiselle summalle. Rehuista tarjolla on laadukkaat ST. Hippolytin, Cavalorin ja Racingin rehut.<\/p>\n<p><span>Ratsukellari tarjoaa -20% erikoisalennuksen seuramme j\u00e4senille normaalihintaisiin tuotteisiin. Etu ei koske rehuja ja lis\u00e4ravinteita.<\/span><\/p>\n<p><a href=\"https:\/\/ratsukellari.fi\"><span>ratsukellari.fi<\/span><\/a><\/p>[\/et_pb_text][\/et_pb_column][et_pb_column type=&#8221;2_5&#8243; _builder_version=&#8221;4.27.4&#8243; _module_preset=&#8221;default&#8221; global_colors_info=&#8221;{}&#8221;][et_pb_image src=&#8221;http:\/\/www.lahdenratsastajat.fi\/wp-content\/uploads\/2025\/10\/Logot-01-scaled.jpg&#8221; title_text=&#8221;Logot-01&#8243; align=&#8221;center&#8221; _builder_version=&#8221;4.27.4&#8243; _module_preset=&#8221;default&#8221; hover_enabled=&#8221;0&#8243; global_colors_info=&#8221;{}&#8221; sticky_enabled=&#8221;0&#8243;][\/et_pb_image][\/et_pb_column][\/et_pb_row][\/et_pb_section][et_pb_section fb_built=&#8221;1&#8243; _builder_version=&#8221;4.27.4&#8243; _module_preset=&#8221;default&#8221; background_color=&#8221;RGBA(145,201,179,0.5)&#8221; global_colors_info=&#8221;{}&#8221; hover_enabled=&#8221;0&#8243; sticky_enabled=&#8221;0&#8243;][et_pb_row column_structure=&#8221;1_3,2_3&#8243; _builder_version=&#8221;4.27.4&#8243; _module_preset=&#8221;default&#8221; global_colors_info=&#8221;{}&#8221;][et_pb_column type=&#8221;1_3&#8243; _builder_version=&#8221;4.27.4&#8243; _module_preset=&#8221;default&#8221; global_colors_info=&#8221;{}&#8221;][et_pb_text _builder_version=&#8221;4.27.4&#8243; _module_preset=&#8221;default&#8221; text_text_color=&#8221;#228664&#8243; link_option_url=&#8221;https:\/\/kasarmivet.fi\/&#8221; link_option_url_new_window=&#8221;on&#8221; global_colors_info=&#8221;{}&#8221; hover_enabled=&#8221;0&#8243; sticky_enabled=&#8221;0&#8243;]<h2><span style=\"color: #000000;\">KasarmiVet &#8211; el\u00e4int\u00e4rke\u00e4ll\u00e4 asialla<\/span><\/h2>[\/et_pb_text][et_pb_text _builder_version=&#8221;4.27.4&#8243; _module_preset=&#8221;default&#8221; global_colors_info=&#8221;{}&#8221; hover_enabled=&#8221;0&#8243; sticky_enabled=&#8221;0&#8243;]<p><span style=\"color: #000000;\">KasarmiVet on luotettava ja monipuolinen el\u00e4inl\u00e4\u00e4k\u00e4riasema Lahden Hennalassa. KasarmiVet tarjoaa perinteisten el\u00e4inl\u00e4\u00e4k\u00e4ripalvelujen lis\u00e4ksi ortopediaa ja hammashoitoja, sek\u00e4 et\u00e4el\u00e4inl\u00e4\u00e4k\u00e4rin palvelut.<\/span><\/p>\n<p><span style=\"color: #000000;\">KasarmiVet tarjosi Lahden ratsastajat ry:n k\u00e4ytt\u00f6\u00f6n esteen, joka on suunniteltu molempien osapuolten yhteisty\u00f6n\u00e4 ja tuo el\u00e4imellist\u00e4 iloa ratsastuskeskuksen k\u00e4vij\u00f6ille niin arjessa kuin arvokilpailuissakin.<\/span><\/p>\n<p><span style=\"color: #000000;\"><a href=\"https:\/\/kasarmivet.fi\/\" style=\"color: #000000; text-decoration: underline;\">https:\/\/kasarmivet.fi<\/a><\/span><\/p>[\/et_pb_text][\/et_pb_column][et_pb_column type=&#8221;2_3&#8243; _builder_version=&#8221;4.27.4&#8243; _module_preset=&#8221;default&#8221; global_colors_info=&#8221;{}&#8221;][et_pb_image src=&#8221;http:\/\/www.lahdenratsastajat.fi\/wp-content\/uploads\/2025\/06\/491214098_1765230831007391_707012585244844816_n.jpg&#8221; title_text=&#8221;491214098_1765230831007391_707012585244844816_n&#8221; _builder_version=&#8221;4.27.4&#8243; _module_preset=&#8221;default&#8221; global_colors_info=&#8221;{}&#8221;][\/et_pb_image][\/et_pb_column][\/et_pb_row][\/et_pb_section]\n","protected":false},"excerpt":{"rendered":"<p>Aarteena Takkula &#8211; Tavoitteena yhteisty\u00f6Paikallista ratsastusseuraa voi tukea monella tavalla. Meid\u00e4n tavoitteena on molempia osapuolia hy\u00f6dytt\u00e4v\u00e4 yhteisty\u00f6, jossa tukenne ohjataan edist\u00e4m\u00e4\u00e4n suomalaista hevoskulttuuria, Takkulan saattamiseen maailman kartalle ja\u00a0 tulevaisuuden ratsastusurheilun t\u00e4htien kasvattamiseen.Equuscare &#8211; hevosia.fiEquuscare palvelee kaikkia ratsastusurheilun yst\u00e4vi\u00e4 Lahdessa ja\u00a0 verkkokaupassa hevosia.fi. Lahden ratsastajat ry:n j\u00e4senet saavat kivijalkamyym\u00e4l\u00e4ss\u00e4 normaalihintaisista tuotteista -15% alennuksen, rehuista -5% alennuksen. [&hellip;]<\/p>\n","protected":false},"author":1,"featured_media":0,"parent":0,"menu_order":0,"comment_status":"closed","ping_status":"closed","template":"","meta":{"_et_pb_use_builder":"on","_et_pb_old_content":"","_et_gb_content_width":"","footnotes":""},"class_list":["post-83","page","type-page","status-publish","hentry"],"_links":{"self":[{"href":"https:\/\/www.lahdenratsastajat.fi\/index.php?rest_route=\/wp\/v2\/pages\/83","targetHints":{"allow":["GET"]}}],"collection":[{"href":"https:\/\/www.lahdenratsastajat.fi\/index.php?rest_route=\/wp\/v2\/pages"}],"about":[{"href":"https:\/\/www.lahdenratsastajat.fi\/index.php?rest_route=\/wp\/v2\/types\/page"}],"author":[{"embeddable":true,"href":"https:\/\/www.lahdenratsastajat.fi\/index.php?rest_route=\/wp\/v2\/users\/1"}],"replies":[{"embeddable":true,"href":"https:\/\/www.lahdenratsastajat.fi\/index.php?rest_route=%2Fwp%2Fv2%2Fcomments&post=83"}],"version-history":[{"count":7,"href":"https:\/\/www.lahdenratsastajat.fi\/index.php?rest_route=\/wp\/v2\/pages\/83\/revisions"}],"predecessor-version":[{"id":311,"href":"https:\/\/www.lahdenratsastajat.fi\/index.php?rest_route=\/wp\/v2\/pages\/83\/revisions\/311"}],"wp:attachment":[{"href":"https:\/\/www.lahdenratsastajat.fi\/index.php?rest_route=%2Fwp%2Fv2%2Fmedia&parent=83"}],"curies":[{"name":"wp","href":"https:\/\/api.w.org\/{rel}","templated":true}]}}