{"id":11,"date":"2025-06-04T05:54:58","date_gmt":"2025-06-04T05:54:58","guid":{"rendered":"https:\/\/www.lahdenratsastajat.fi\/?page_id=11"},"modified":"2025-10-06T08:44:32","modified_gmt":"2025-10-06T06:44:32","slug":"tietoja","status":"publish","type":"page","link":"https:\/\/www.lahdenratsastajat.fi\/?page_id=11","title":{"rendered":"Yhdistyksen s\u00e4\u00e4nn\u00f6t"},"content":{"rendered":"<p>[et_pb_section fb_built=&#8221;1&#8243; admin_label=&#8221;section&#8221; _builder_version=&#8221;4.16&#8243; global_colors_info=&#8221;{}&#8221;][et_pb_row _builder_version=&#8221;4.27.4&#8243; _module_preset=&#8221;default&#8221; global_colors_info=&#8221;{}&#8221;][et_pb_column type=&#8221;4_4&#8243; _builder_version=&#8221;4.27.4&#8243; _module_preset=&#8221;default&#8221; global_colors_info=&#8221;{}&#8221;][et_pb_text _builder_version=&#8221;4.27.4&#8243; _module_preset=&#8221;default&#8221; global_colors_info=&#8221;{}&#8221;]<\/p>\n<h1><span style=\"color: #000000;\">Lahden Ratsastajat ry:n s\u00e4\u00e4nn\u00f6t<\/span><\/h1>\n<p>[\/et_pb_text][et_pb_text _builder_version=&#8221;4.27.4&#8243; _module_preset=&#8221;default&#8221; hover_enabled=&#8221;0&#8243; global_colors_info=&#8221;{}&#8221; sticky_enabled=&#8221;0&#8243;]<\/p>\n<p><strong>Hyv\u00e4ksytty patentti- ja rekisterihallituksessa 11.9.2014<\/strong><\/p>\n<p>Nimi: Lahden Ratsastajat ry<\/p>\n<p>Rekisterinumero: 32.047<\/p>\n<p>Merkitty rekisteriin: 08.06.1939<\/p>\n<p>J\u00e4ljenn\u00f6s annettu: 11.09.2014<\/p>\n<p>Osoite: Takkulantie 29, 15230 Lahti<\/p>\n<p><span>Y-tunnus: 0149709-8<\/span><\/p>\n<p><span>Tietosuojaseloste<\/span><\/p>\n<p>[\/et_pb_text][\/et_pb_column][\/et_pb_row][et_pb_row _builder_version=&#8221;4.27.4&#8243; _module_preset=&#8221;default&#8221; global_colors_info=&#8221;{}&#8221;][et_pb_column type=&#8221;4_4&#8243; _builder_version=&#8221;4.27.4&#8243; _module_preset=&#8221;default&#8221; global_colors_info=&#8221;{}&#8221;][et_pb_text admin_label=&#8221;Teksti&#8221; _builder_version=&#8221;4.27.4&#8243; _module_preset=&#8221;default&#8221; text_text_color=&#8221;#000000&#8243; header_text_color=&#8221;#000000&#8243; header_2_text_color=&#8221;#000000&#8243; header_4_text_color=&#8221;#000000&#8243; global_colors_info=&#8221;{}&#8221;]<\/p>\n<h2><span>Yhdistyksen s\u00e4\u00e4nn\u00f6t<\/span><\/h2>\n<h4>1\u00a0\u00a0\u00a0\u00a0\u00a0\u00a0\u00a0\u00a0\u00a0\u00a0\u00a0\u00a0\u00a0\u00a0\u00a0 <span>Yhdistyksen nimi\u00a0<\/span><\/h4>\n<p><span style=\"font-family: inherit; font-weight: normal; font-size: small;\">1.1\u00a0\u00a0\u00a0\u00a0\u00a0\u00a0\u00a0\u00a0\u00a0\u00a0 Yhdistyksen nimi on Lahden Ratsastajat ry ja sen kotipaikka on Lahti. Yhdistyksen \u00e4idinkieli on suomi.<\/span><\/p>\n<h4>2\u00a0\u00a0\u00a0\u00a0\u00a0\u00a0\u00a0\u00a0\u00a0\u00a0\u00a0\u00a0\u00a0\u00a0\u00a0 <span>Yhdistyksen tarkoitus\u00a0<\/span><\/h4>\n<p>2.1\u00a0\u00a0\u00a0\u00a0\u00a0\u00a0\u00a0\u00a0\u00a0\u00a0 <span>Yhdistyksen tarkoitus on edist\u00e4\u00e4 ratsastusharrastusta ja \u2013 urheilua, kohottaa j\u00e4sentens\u00e4 ratsastustaitoa ja yleist\u00e4 tietoutta lajiin liittyen sek\u00e4 laajentaa harrastajien piiri\u00e4.<\/span><\/p>\n<p>2.2\u00a0\u00a0\u00a0\u00a0\u00a0\u00a0\u00a0\u00a0\u00a0\u00a0 <span>Tarkoituksen toteuttamiseksi yhdistys j\u00e4rjest\u00e4\u00e4 opetusta, kilpailuja, kursseja ja erilaisia ratsastukseen ja hevosiin liittyvi\u00e4 tilaisuuksia ja toimeenpanee keskustelu-, valmennus- ja opetustilaisuuksia.<\/span><\/p>\n<p>2.3\u00a0\u00a0\u00a0\u00a0\u00a0\u00a0\u00a0\u00a0\u00a0\u00a0 <span>Toimintansa tukemiseksi yhdistys voi vastaanottaa lahjoituksia ja tilaisuuksien yhteydess\u00e4 kanttiinitoimintaa. Yhdistys voi omistaa toimintaansa tarvittavaa kiinte\u00e4\u00e4 ja irtainta omaisuutta.<\/span><\/p>\n<p>2.4\u00a0\u00a0\u00a0\u00a0\u00a0\u00a0\u00a0\u00a0\u00a0\u00a0 <span>Yhdistys kuuluu j\u00e4senen\u00e4 Suomen Ratsastajainliitto ry:een ja voi kuulua my\u00f6s muihin hevosurheilu-, jalostus- ja urheiluliittoihin ja -j\u00e4rjest\u00f6ihin.<\/span><\/p>\n<h4>3\u00a0\u00a0\u00a0\u00a0\u00a0\u00a0\u00a0\u00a0\u00a0\u00a0\u00a0\u00a0\u00a0\u00a0\u00a0 <span>J\u00e4senet\u00a0<\/span><\/h4>\n<p>3.1\u00a0\u00a0\u00a0\u00a0\u00a0\u00a0\u00a0\u00a0\u00a0\u00a0 <span>Yhdistyksen j\u00e4seneksi voi liitty\u00e4 jokainen hyv\u00e4maineinen henkil\u00f6, joka haluaa edist\u00e4\u00e4 yhdistyksen tarkoitusta ja joka hyv\u00e4ksyy yhdistyksen tarkoituksen ja s\u00e4\u00e4nn\u00f6t. J\u00e4senet hyv\u00e4ksyy hakemuksesta yhdistyksen johtokunta.<\/span><\/p>\n<p>3.2\u00a0\u00a0\u00a0\u00a0\u00a0\u00a0\u00a0\u00a0\u00a0\u00a0 <span>Yhdistyksen j\u00e4senet ovat varsinaisia j\u00e4seni\u00e4, perhej\u00e4seni\u00e4, kannatusj\u00e4seni\u00e4 tai kunniaj\u00e4seni\u00e4.<\/span><\/p>\n<p>3.3\u00a0\u00a0\u00a0\u00a0\u00a0\u00a0\u00a0\u00a0\u00a0\u00a0 <span>Alle 18-vuotiaat ovat juniorij\u00e4seni\u00e4, joista voidaan muodostaa yhdistyksen junioriosasto johtokunnan m\u00e4\u00e4r\u00e4\u00e4m\u00e4ll\u00e4 tavalla.<\/span><\/p>\n<p>3.4\u00a0\u00a0\u00a0\u00a0\u00a0\u00a0\u00a0\u00a0\u00a0\u00a0 <span>Mik\u00e4li samassa taloudessa asuu useampia yhdistyksen j\u00e4seni\u00e4, voivat muut j\u00e4senet liitty\u00e4 perhej\u00e4seniksi, yhden ollessa varsinainen j\u00e4sen.<\/span><\/p>\n<p>3.5\u00a0\u00a0\u00a0\u00a0\u00a0\u00a0\u00a0\u00a0\u00a0\u00a0 <span>Kunniaj\u00e4seneksi voi yhdistys kokouksessaan tekem\u00e4ll\u00e4 p\u00e4\u00e4t\u00f6ksell\u00e4 kutsua toimintaansa ansiokkaasti edist\u00e4neit\u00e4 henkil\u00f6it\u00e4. Kunniaj\u00e4senelt\u00e4 ei perit\u00e4 j\u00e4senmaksua.<\/span><\/p>\n<p>3.6\u00a0\u00a0\u00a0\u00a0\u00a0\u00a0\u00a0\u00a0\u00a0\u00a0 <span>Kannatusj\u00e4seneksi voi liitty\u00e4 yksityinen henkil\u00f6, joka maksaa kannatusj\u00e4senen j\u00e4senmaksun ja jonka johtokunta hyv\u00e4ksyy kannatusj\u00e4seneksi.<\/span><\/p>\n<p>3.7\u00a0\u00a0\u00a0\u00a0\u00a0\u00a0\u00a0\u00a0\u00a0\u00a0 <span>Kannatusj\u00e4seneksi voi yhdistyksen johtokunta hyv\u00e4ksy\u00e4 my\u00f6s oikeustoimikelpoisen yhteis\u00f6n, joka suorittaa j\u00e4senmaksuna v\u00e4hint\u00e4\u00e4n 10-kertaisen vuosimaksun tai kertakaikkisena j\u00e4senmaksunaan 50 kertaisen vuosimaksun.<\/span><\/p>\n<p>3.8\u00a0\u00a0\u00a0\u00a0\u00a0\u00a0\u00a0\u00a0\u00a0\u00a0 <span>Kaikilla t\u00e4ysi-ik\u00e4isill\u00e4 j\u00e4senill\u00e4, paitsi kannatusj\u00e4senill\u00e4, on \u00e4\u00e4nioikeus yhdistyksen kokouksissa j\u00e4senmaksun suoritettuaan. Kunniaj\u00e4senell\u00e4 on \u00e4\u00e4nioikeus ilman j\u00e4senmaksun maksamista.<\/span><\/p>\n<h4>4\u00a0\u00a0\u00a0\u00a0\u00a0\u00a0\u00a0\u00a0\u00a0\u00a0\u00a0\u00a0\u00a0\u00a0\u00a0 <span>J\u00e4senmaksut\u00a0<\/span><\/h4>\n<p>4.1\u00a0\u00a0\u00a0\u00a0\u00a0\u00a0\u00a0\u00a0\u00a0\u00a0 <span>J\u00e4senmaksujen suuruudesta varsinaisille, kannatusj\u00e4senille, perhej\u00e4senille ja juniorij\u00e4senille p\u00e4\u00e4tet\u00e4\u00e4n yhdistyksen syyskokouksessa.<\/span><\/p>\n<p>4.2\u00a0\u00a0\u00a0\u00a0\u00a0\u00a0\u00a0\u00a0\u00a0\u00a0 <span>Kunniaj\u00e4sen ei maksa j\u00e4senmaksua.<\/span><\/p>\n<h4>5\u00a0\u00a0\u00a0\u00a0\u00a0\u00a0\u00a0\u00a0\u00a0\u00a0\u00a0\u00a0\u00a0\u00a0\u00a0 <span>J\u00e4senen eroaminen ja erottaminen\u00a0<\/span><\/h4>\n<p>5.1\u00a0\u00a0\u00a0\u00a0\u00a0\u00a0\u00a0\u00a0\u00a0\u00a0 <span>J\u00e4senell\u00e4 on oikeus erota yhdistyksest\u00e4 ilmoittamalla siit\u00e4 kirjallisesti johtokunnalle tai sen puheenjohtajalle taikka ilmoittamalla erosta yhdistyksen kokouksessa merkitt\u00e4v\u00e4ksi p\u00f6yt\u00e4kirjaan. Johtokunta voi erottaa j\u00e4senen yhdistyksest\u00e4 jos j\u00e4sen on j\u00e4tt\u00e4nyt er\u00e4\u00e4ntyv\u00e4n j\u00e4senmaksunsa maksamatta tai muuten j\u00e4tt\u00e4nyt t\u00e4ytt\u00e4m\u00e4tt\u00e4 ne velvoitteet, joihin h\u00e4n on yhdistykseen liittym\u00e4ll\u00e4 sitoutunut tai on menettelyll\u00e4\u00e4n yhdistyksess\u00e4 tai sen ulkopuolella huomattavasti vahingoittanut yhdistyst\u00e4 tai ei en\u00e4\u00e4 t\u00e4yt\u00e4 yhdistyslaissa taikka yhdistyksen s\u00e4\u00e4nn\u00f6iss\u00e4 mainittuja j\u00e4senyyden ehtoja.<\/span><\/p>\n<p>5.2\u00a0\u00a0\u00a0\u00a0\u00a0\u00a0\u00a0\u00a0\u00a0\u00a0 <span>Erottamisp\u00e4\u00e4t\u00f6ksest\u00e4 voi valittaa yhdistyksen kokoukselle. Valitus t\u00e4ytyy j\u00e4tt\u00e4\u00e4 kirjallisesti yhdistyksen johtokunnalle 30 p\u00e4iv\u00e4n kuluessa erottamisp\u00e4\u00e4t\u00f6ksen tiedoksisaamisesta.<\/span><\/p>\n<p>5.3\u00a0\u00a0\u00a0\u00a0\u00a0\u00a0\u00a0\u00a0\u00a0\u00a0 <span>Yhdistys voi katsoa j\u00e4senen eronneeksi yhdistyksest\u00e4 jos j\u00e4sen on j\u00e4tt\u00e4nyt j\u00e4senmaksunsa maksamatta viel\u00e4 kahden kuukauden j\u00e4lkeen er\u00e4p\u00e4iv\u00e4st\u00e4.<\/span><\/p>\n<p>5.4\u00a0\u00a0\u00a0\u00a0\u00a0\u00a0\u00a0\u00a0\u00a0\u00a0 <span>Yhdistyksen j\u00e4senyydest\u00e4 eronnut tai erotettu ei ole oikeutettu k\u00e4ytt\u00e4m\u00e4\u00e4n yhdistyksen j\u00e4senmerkki\u00e4.<\/span><\/p>\n<h4>6\u00a0\u00a0\u00a0\u00a0\u00a0\u00a0\u00a0\u00a0\u00a0\u00a0\u00a0\u00a0\u00a0\u00a0\u00a0 <span>Hallitus\u00a0<\/span><\/h4>\n<p>6.1\u00a0\u00a0\u00a0\u00a0\u00a0\u00a0\u00a0\u00a0\u00a0\u00a0 <span>Yhdistyksen hallituksena toimii johtokunta joka valitaan yhdistyksen j\u00e4senist\u00e4. Johtokunnan muodostaa vuodeksi kerrallaan valittu puheenjohtaja ja v\u00e4hint\u00e4\u00e4n nelj\u00e4 mutta enint\u00e4\u00e4n kuusi kahdeksi vuodeksi valittua j\u00e4sent\u00e4, joista puolet eroaa vuosittain, ensi kerran arvan perusteella. Lis\u00e4ksi voidaan valita enint\u00e4\u00e4n kaksi vuodeksi kerrallaan valittua varaj\u00e4sent\u00e4.<\/span><\/p>\n<p>6.2\u00a0\u00a0\u00a0\u00a0\u00a0\u00a0\u00a0\u00a0\u00a0\u00a0 <span>Erovuorossa olevat voidaan valita uudelleen. Johtokunnan j\u00e4senen tulee olla t\u00e4ysi-ik\u00e4inen.<\/span><\/p>\n<p>6.3\u00a0\u00a0\u00a0\u00a0\u00a0\u00a0\u00a0\u00a0\u00a0\u00a0 <span>Johtokunta valitsee keskuudestaan varapuheenjohtajan sek\u00e4 ottaa keskuudestaan tai ulkopuoleltaan sihteerin, rahastonhoitajan ja muut tarvittavat toimihenkil\u00f6t. Lis\u00e4ksi johtokunta voi asettaa toimikuntia erilaisia teht\u00e4vi\u00e4 hoitamaan.<\/span><\/p>\n<p>6.4\u00a0\u00a0\u00a0\u00a0\u00a0\u00a0\u00a0\u00a0\u00a0\u00a0 <span>Johtokunta kokoontuu puheenjohtajan tai h\u00e4nen estyneen\u00e4 ollessaan varapuheenjohtajan kutsusta, kun he katsovat siihen olevan aihetta tai kun joku johtokunnan j\u00e4senist\u00e4 sit\u00e4 pyyt\u00e4\u00e4.<\/span><\/p>\n<p>6.5\u00a0\u00a0\u00a0\u00a0\u00a0\u00a0\u00a0\u00a0\u00a0\u00a0 <span>\u00a0<\/span><span>Johtokunta on p\u00e4\u00e4t\u00f6svaltainen kun puheenjohtaja tai h\u00e4nen estyneen\u00e4 ollessaan varapuheenjohtaja ja kolme varsinaista tai varaj\u00e4sent\u00e4 ovat l\u00e4sn\u00e4.<\/span><\/p>\n<p>6.6\u00a0 \u00a0 \u00a0 \u00a0 \u00a0 \u00a0<span>\u00c4\u00e4nestykset ratkaistaan yksinkertaisella \u00e4\u00e4nten enemmist\u00f6ll\u00e4. \u00c4\u00e4nten menness\u00e4 tasan ratkaisee puheenjohtajan tai h\u00e4nen estyneen\u00e4 ollessaan varapuheenjohtajan \u00e4\u00e4ni.<\/span><\/p>\n<p>6.7\u00a0\u00a0\u00a0\u00a0\u00a0\u00a0\u00a0\u00a0\u00a0\u00a0 <span>Johtokunnan kokouksista on laadittava p\u00f6yt\u00e4kirja, jonka allekirjoittaa kokouksen puheenjohtaja ja sihteeri varmentaa. P\u00f6yt\u00e4kirjat s\u00e4ilytet\u00e4\u00e4n hyv\u00e4n arkistointitavan mukaan ja niist\u00e4 voidaan laittaa muistio yhdistyksen omille Internet sivuille ja\/tai sosiaaliseen mediaan.<\/span><\/p>\n<p>6.8\u00a0\u00a0\u00a0\u00a0\u00a0\u00a0\u00a0\u00a0\u00a0\u00a0 <span>Johtokunnan teht\u00e4v\u00e4n\u00e4 on:<\/span><\/p>\n<p>6.8.1\u00a0\u00a0\u00a0\u00a0\u00a0\u00a0 <span>ryhty\u00e4 tarpeellisiin toimenpiteisiin yhdistyksen tarkoitusperien toteuttamiseksi ja edist\u00e4miseksi<\/span><\/p>\n<p>6.8.2\u00a0\u00a0\u00a0\u00a0\u00a0\u00a0 <span>pit\u00e4\u00e4 yhteytt\u00e4 Suomen Ratsastajainliittoon sek\u00e4 muihin mahdollisiin liittoihin tai j\u00e4rjest\u00f6ihin joihin yhdistys kuuluu<\/span><\/p>\n<p>6.8.3\u00a0\u00a0\u00a0\u00a0\u00a0\u00a0 <span>edustaa yhdistyst\u00e4 ulosp\u00e4in, tehd\u00e4 yhdistyksen puolesta sitoumuksia, hankkia oikeuksia sek\u00e4 esiinty\u00e4 kantajana ja vastaajana<\/span><\/p>\n<p>6.8.4\u00a0\u00a0\u00a0\u00a0\u00a0\u00a0 <span>kutsua kokoon yhdistyksen kokoukset sek\u00e4 valmistaa niiss\u00e4 esille tulevat asiat toimeenpanna yhdistyksen kokousten tekem\u00e4t p\u00e4\u00e4t\u00f6kset<\/span><\/p>\n<p>6.8.5\u00a0\u00a0\u00a0\u00a0\u00a0\u00a0 <span>hoitaa yhdistyksen rahavaroja ja muuta omaisuutta<\/span><\/p>\n<p>6.8.6\u00a0\u00a0\u00a0\u00a0\u00a0\u00a0 <span>hyv\u00e4ksy\u00e4 yhdistyksen j\u00e4seneksi pyrkiv\u00e4t ja erottaa j\u00e4sen yhdistyksest\u00e4<\/span><\/p>\n<p>6.8.7\u00a0\u00a0\u00a0\u00a0\u00a0\u00a0 <span>m\u00e4\u00e4r\u00e4t\u00e4 asettamiensa toimikuntien j\u00e4senet ja teht\u00e4v\u00e4t, ellei yhdistyksen kokous ole niit\u00e4 m\u00e4\u00e4r\u00e4nnyt<\/span><\/p>\n<p>6.8.8\u00a0\u00a0\u00a0\u00a0\u00a0\u00a0 <span>hoitaa j\u00e4senluetteloa ja koota j\u00e4senmaksut<\/span><\/p>\n<p>6.8.9\u00a0\u00a0\u00a0\u00a0\u00a0\u00a0 <span>p\u00e4\u00e4tt\u00e4\u00e4 kilpailulupien my\u00f6nt\u00e4misest\u00e4<\/span><\/p>\n<p>6.8.10\u00a0\u00a0\u00a0 <span>laatia ehdotus yhdistyksen vuosikertomukseksi sek\u00e4 toimintasuunnitelmaksi talousarvioehdotuksineen<\/span><\/p>\n<p>6.8.11\u00a0\u00a0\u00a0 <span>hoitaa muut yhdistyst\u00e4 koskevat asiat.<\/span><\/p>\n<p>6.10\u00a0\u00a0\u00a0\u00a0\u00a0\u00a0 <span>Yhdistyksen nimen kirjoittaminen<\/span><\/p>\n<p>6.11\u00a0\u00a0\u00a0\u00a0\u00a0\u00a0 <span>Yhdistyksen nimen kirjoittavat puheenjohtaja, varapuheenjohtaja ja sihteeri, kaksi yhdess\u00e4.<\/span><\/p>\n<h4>7\u00a0\u00a0\u00a0\u00a0\u00a0\u00a0\u00a0\u00a0\u00a0\u00a0\u00a0\u00a0\u00a0\u00a0\u00a0 <span>Tilikausi ja tilintarkastus\u00a0<\/span><\/h4>\n<p>7.1\u00a0\u00a0\u00a0\u00a0\u00a0\u00a0\u00a0\u00a0\u00a0\u00a0 <span>Yhdistyksen hallintoa ja tilej\u00e4 tarkastamaan valitaan yhdistyksen syyskokouksessa kalenterivuodeksi kerrallaan yksi tilintarkastaja ja yksi toiminnantarkastaja ja heille varahenkil\u00f6t. Mik\u00e4li lains\u00e4\u00e4d\u00e4nt\u00f6 ei vaadi, voidaan tilintarkastaja ja h\u00e4nen varahenkil\u00f6ns\u00e4 j\u00e4tt\u00e4\u00e4 valitsematta. V\u00e4hint\u00e4\u00e4n yksi toiminnantarkastaja ja h\u00e4nen varahenkil\u00f6ns\u00e4 tulee kuitenkin aina valita. Tarkastajien kausi alkaa seuraavasta tilivuodesta.<\/span><\/p>\n<p>7.2\u00a0\u00a0\u00a0\u00a0\u00a0\u00a0\u00a0\u00a0\u00a0\u00a0 <span>Yhdistyksen tilikausi on kalenterivuosi. Tilinp\u00e4\u00e4t\u00f6s tarvittavine asiakirjoineen, vuosikertomus, toimintasuunnitelma ja talousarvio on j\u00e4tett\u00e4v\u00e4 tilintarkastajille\/toiminnantarkastajille viimeist\u00e4\u00e4n kuukausi ennen kev\u00e4tkokousta. Tilintarkastuskertomus on j\u00e4tett\u00e4v\u00e4 johtokunnalle hyviss\u00e4 ajoin ennen yhdistyksen kev\u00e4tkokousta.<\/span><\/p>\n<h4>8\u00a0\u00a0\u00a0\u00a0\u00a0\u00a0\u00a0\u00a0\u00a0\u00a0\u00a0\u00a0\u00a0\u00a0\u00a0 <span>Yhdistyksen kokoukset\u00a0<\/span><\/h4>\n<p>8.1\u00a0\u00a0\u00a0\u00a0\u00a0\u00a0\u00a0\u00a0\u00a0\u00a0 <span>Yhdistys kokoontuu varsinaiseen kokoukseen kahdesti vuodessa johtokunnan m\u00e4\u00e4r\u00e4\u00e4m\u00e4n\u00e4 p\u00e4iv\u00e4n\u00e4:<\/span><\/p>\n<p>8.1.1\u00a0\u00a0\u00a0\u00a0\u00a0\u00a0 <span>kev\u00e4tkokoukseen helmi-maaliskuussa<\/span><\/p>\n<p>8.1.2\u00a0\u00a0\u00a0\u00a0\u00a0\u00a0 <span>syyskokoukseen loka-marraskuussa.<\/span><\/p>\n<p>8.2\u00a0\u00a0\u00a0\u00a0\u00a0\u00a0\u00a0\u00a0\u00a0\u00a0 <span>Ylim\u00e4\u00e4r\u00e4inen kokous pidet\u00e4\u00e4n kun yhdistyksen kokous niin p\u00e4\u00e4tt\u00e4\u00e4 tai kun johtokunta katsoo sen tarpeelliseksi tai kun v\u00e4hint\u00e4\u00e4n kymmenesosa (1\/10) yhdistyksen \u00e4\u00e4nioikeutetuista j\u00e4senist\u00e4 sit\u00e4 johtokunnalta erityisesti ilmoitettua asiaa varten kirjallisesti vaatii. Kokous on pidett\u00e4v\u00e4 kolmenkymmenen (30) vuorokauden kuluessa siit\u00e4 kun vaatimus sen pit\u00e4misest\u00e4 on esitetty johtokunnalle.<\/span><\/p>\n<p>8.3\u00a0\u00a0\u00a0\u00a0\u00a0\u00a0\u00a0\u00a0\u00a0\u00a0 <span>Yhdistyksen kokouksen p\u00e4\u00e4t\u00f6kseksi tulee, ellei s\u00e4\u00e4nn\u00f6iss\u00e4 ole toisin m\u00e4\u00e4r\u00e4tty, se mielipide, jota on kannattanut yli puolet annetuista \u00e4\u00e4nist\u00e4. \u00c4\u00e4nestykset ratkaistaan yksinkertaisella \u00e4\u00e4nten enemmist\u00f6ll\u00e4. \u00c4\u00e4nten menness\u00e4 tasan ratkaisee kokouksen puheenjohtajan \u00e4\u00e4ni.<\/span><\/p>\n<p>8.4\u00a0\u00a0\u00a0\u00a0\u00a0\u00a0\u00a0\u00a0\u00a0\u00a0 <span>\u00c4\u00e4nestykset yhdistyksen kokouksissa ovat avonaisia, mik\u00e4li joku \u00e4\u00e4nioikeutetuista j\u00e4senist\u00e4 ei vaadi suljettua \u00e4\u00e4nestyst\u00e4. \u00c4\u00e4nten menness\u00e4 tasan ratkaisee kokouksen puheenjohtajan \u00e4\u00e4ni. Valtakirjan k\u00e4ytt\u00f6 ei ole sallittua.<\/span><\/p>\n<p>8.5\u00a0\u00a0\u00a0\u00a0\u00a0\u00a0\u00a0\u00a0\u00a0\u00a0 <span>Yhdistyksen kokouksista pidet\u00e4\u00e4n p\u00f6yt\u00e4kirjaa, joka on asianmukaisesti tarkastettava ja s\u00e4ilytett\u00e4v\u00e4 hyv\u00e4n arkistointitavan mukaan. Kokousp\u00f6yt\u00e4kirjasta voidaan tehd\u00e4 muistio joka voidaan laittaa n\u00e4kyviin my\u00f6s yhdistyksen internet &#8211; sivuille ja\/tai sosiaaliseen mediaan.<\/span><\/p>\n<p>8.6\u00a0\u00a0\u00a0\u00a0\u00a0\u00a0\u00a0\u00a0\u00a0\u00a0 <span>Yhdistyksen kokousten koollekutsuminen\u00a0<\/span><\/p>\n<p>8.6.1\u00a0\u00a0\u00a0\u00a0\u00a0\u00a0 <span>Johtokunnan on kutsuttava yhdistyksen kokoukset koolle v\u00e4hint\u00e4\u00e4n seitsem\u00e4n (7) vuorokautta ennen kokousta ilmoittamalla siit\u00e4 tallin ilmoitustaululla ja lis\u00e4ksi joko yhdistyksen internet sivuilla, facebook-sivuilla, alueen p\u00e4iv\u00e4lehdess\u00e4 tai s\u00e4hk\u00f6postitse.<\/span><\/p>\n<p>8.6.2\u00a0\u00a0\u00a0\u00a0\u00a0\u00a0 <span>Kokouskutsussa on mainittava kokouksen aika ja paikka.<\/span><\/p>\n<p>8.7\u00a0\u00a0\u00a0\u00a0\u00a0\u00a0\u00a0\u00a0\u00a0\u00a0 <span>Yhdistyksen kokouksissa k\u00e4sitelt\u00e4v\u00e4t asiat:<\/span><\/p>\n<p>8.7.1\u00a0\u00a0\u00a0\u00a0\u00a0\u00a0 <span>Kev\u00e4tkokouksessa<\/span><\/p>\n<ul>\n<li><span>kokouksen avaus<\/span><\/li>\n<li><span>valitaan kokoukselle puheenjohtaja, sihteeri ja kaksi p\u00f6yt\u00e4kirjantarkastajaa ja \u00e4\u00e4ntenlaskijaa<\/span><\/li>\n<li><span>todetaan kokouksen laillisuus ja p\u00e4\u00e4t\u00f6svaltaisuus<\/span><\/li>\n<li><span>hyv\u00e4ksyt\u00e4\u00e4n kokouksen ty\u00f6j\u00e4rjestys<\/span><\/li>\n<li><span>k\u00e4sitell\u00e4\u00e4n ilmoitusasiat<\/span><\/li>\n<li><span>esitet\u00e4\u00e4n toimintakertomus<\/span><\/li>\n<li><span>esitet\u00e4\u00e4n tilinp\u00e4\u00e4t\u00f6s ja tilintarkastajien\/toiminnantarkastajien lausunto<\/span><\/li>\n<li><span>p\u00e4\u00e4tet\u00e4\u00e4n tilinp\u00e4\u00e4t\u00f6ksen vahvistamisesta ja vastuuvapauden my\u00f6nt\u00e4misest\u00e4 johtokunnalle ja muille vastuuvelvollisille<\/span><\/li>\n<li><span>p\u00e4\u00e4tet\u00e4\u00e4n muista johtokunnan tai j\u00e4senten esitt\u00e4mist\u00e4 asioista, jotka on ehditty sis\u00e4llytt\u00e4\u00e4 kokouskutsuun<\/span><\/li>\n<\/ul>\n<p>8.7.2\u00a0\u00a0\u00a0\u00a0\u00a0\u00a0 <span>Syyskokouksessa<\/span><\/p>\n<ul>\n<li><span>kokouksen avaus<\/span><\/li>\n<li><span>valitaan kokoukselle puheenjohtaja, sihteeri ja kaksi p\u00f6yt\u00e4kirjantarkastajaa ja \u00e4\u00e4ntenlaskijaa<\/span><\/li>\n<li><span>todetaan kokouksen laillisuus ja p\u00e4\u00e4t\u00f6svaltaisuus<\/span><\/li>\n<li><span>hyv\u00e4ksyt\u00e4\u00e4n kokouksen ty\u00f6j\u00e4rjestys<\/span><\/li>\n<li><span>k\u00e4sitell\u00e4\u00e4n ilmoitusasiat<\/span><\/li>\n<li><span>p\u00e4\u00e4tet\u00e4\u00e4n j\u00e4senmaksujen suuruudesta<\/span><\/li>\n<li><span>p\u00e4\u00e4tet\u00e4\u00e4n johtokunnan j\u00e4senten ja toimihenkil\u00f6iden palkkioiden suuruudesta<\/span><\/li>\n<li><span>k\u00e4sitell\u00e4\u00e4n toimintasuunnitelma seuraavaa vuotta varten<\/span><\/li>\n<li><span>k\u00e4sitell\u00e4\u00e4n talousarvioehdotus<\/span><\/li>\n<li><span>valitaan johtokunnan puheenjohtaja seuraavaksi vuodeksi<\/span><\/li>\n<li><span>valitaan johtokunnan j\u00e4senet erovuoroisten tilalle<\/span><\/li>\n<li><span>valitaan johtokuntaan varaj\u00e4senet seuraavaksi vuodeksi<\/span><\/li>\n<li><span>valitaan yksi tilintarkastaja ja yksi toiminnantarkastajaa ja heille varahenkil\u00f6t tai yksi toiminnantarkastaja ja yksi varatoiminnantarkastaja seuraavan vuoden tilej\u00e4 ja hallintoa tarkastamaan<\/span><\/li>\n<li><span>p\u00e4\u00e4tet\u00e4\u00e4n muista johtokunnan tai j\u00e4senten esitt\u00e4mist\u00e4 asioista jotka on ehditty sis\u00e4llytt\u00e4\u00e4 kokouskutsuun<\/span><\/li>\n<\/ul>\n<p>8.8\u00a0\u00a0\u00a0\u00a0\u00a0\u00a0\u00a0\u00a0\u00a0\u00a0 <span>Mik\u00e4li yhdistyksen j\u00e4sen haluaa saada jonkin asian yhdistyksen kokoukseen k\u00e4sitelt\u00e4v\u00e4ksi, on h\u00e4nen ilmoitettava siit\u00e4 kirjallisesti johtokunnalle niin hyviss\u00e4 ajoin, ett\u00e4 johtokunta ehtii tarvittaessa esitt\u00e4\u00e4 siit\u00e4 lausuntonsa.<\/span><\/p>\n<h4>9\u00a0\u00a0\u00a0\u00a0\u00a0\u00a0\u00a0\u00a0\u00a0\u00a0\u00a0\u00a0\u00a0\u00a0\u00a0 <span>S\u00e4\u00e4nt\u00f6jen muuttaminen ja yhdistyksen purkaminen\u00a0<\/span><\/h4>\n<p>9.1\u00a0\u00a0\u00a0\u00a0\u00a0\u00a0\u00a0\u00a0\u00a0\u00a0 <span>P\u00e4\u00e4t\u00f6s s\u00e4\u00e4nt\u00f6jen muuttamisesta tai yhdistyksen purkamisesta on teht\u00e4v\u00e4 yhdistyksen kokouksessa henkil\u00f6kohtaisesti l\u00e4sn\u00e4 olevien \u00e4\u00e4nioikeutettujen j\u00e4senten v\u00e4hint\u00e4\u00e4n kolmen nelj\u00e4sosan (3\/4) enemmist\u00f6ll\u00e4 annetuista \u00e4\u00e4nist\u00e4. Kokouskutsussa on mainittava s\u00e4\u00e4nt\u00f6jen muuttamisesta tai yhdistyksen purkamisesta. Yhdistyksen purkautuessa ovat sen varat luovutettava jollekin ratsastusharrastuksen tai \u2013 urheilun hyv\u00e4ksi toimivalle oikeustoimikelpoiselle yhdistykselle viimeisen kokouksen l\u00e4hemmin nime\u00e4m\u00e4ll\u00e4 tavalla. Yhdistyksen tullessa lakkautetuksi k\u00e4ytet\u00e4\u00e4n sen varat samaan edell\u00e4 mainittuun tarkoitukseen alueen ratsastusharrastuksen kehitt\u00e4miseen.<\/span><\/p>\n<p>9.2\u00a0\u00a0\u00a0\u00a0\u00a0\u00a0\u00a0\u00a0\u00a0\u00a0 <span>Ennen s\u00e4\u00e4nt\u00f6muutosta saavutetut j\u00e4senoikeudet s\u00e4ilyv\u00e4t.<\/span><\/p>\n<p>9.3\u00a0\u00a0\u00a0\u00a0\u00a0\u00a0\u00a0\u00a0\u00a0\u00a0 <span>Muutoin noudatetaan voimassa olevaa yhdistyslakia.<\/span><\/p>\n<p>[\/et_pb_text][\/et_pb_column][\/et_pb_row][\/et_pb_section]<\/p>\n","protected":false},"excerpt":{"rendered":"<p>Lahden Ratsastajat ry:n s\u00e4\u00e4nn\u00f6tHyv\u00e4ksytty patentti- ja rekisterihallituksessa 11.9.2014 Nimi: Lahden Ratsastajat ry Rekisterinumero: 32.047 Merkitty rekisteriin: 08.06.1939 J\u00e4ljenn\u00f6s annettu: 11.09.2014 Osoite: Takkulantie 29, 15230 Lahti Y-tunnus: 0149709-8 TietosuojaselosteYhdistyksen s\u00e4\u00e4nn\u00f6t 1\u00a0\u00a0\u00a0\u00a0\u00a0\u00a0\u00a0\u00a0\u00a0\u00a0\u00a0\u00a0\u00a0\u00a0\u00a0 Yhdistyksen nimi\u00a0 1.1\u00a0\u00a0\u00a0\u00a0\u00a0\u00a0\u00a0\u00a0\u00a0\u00a0 Yhdistyksen nimi on Lahden Ratsastajat ry ja sen kotipaikka on Lahti. Yhdistyksen \u00e4idinkieli on suomi. 2\u00a0\u00a0\u00a0\u00a0\u00a0\u00a0\u00a0\u00a0\u00a0\u00a0\u00a0\u00a0\u00a0\u00a0\u00a0 Yhdistyksen tarkoitus\u00a0 2.1\u00a0\u00a0\u00a0\u00a0\u00a0\u00a0\u00a0\u00a0\u00a0\u00a0 Yhdistyksen tarkoitus on [&hellip;]<\/p>\n","protected":false},"author":1,"featured_media":8,"parent":0,"menu_order":0,"comment_status":"closed","ping_status":"closed","template":"","meta":{"_et_pb_use_builder":"on","_et_pb_old_content":"<!-- wp:paragraph -->\n<p>Saatat olla taitelija, joka haluaisi esitell\u00e4 itsens\u00e4 ja t\u00f6it\u00e4ns\u00e4 t\u00e4\u00e4ll\u00e4. Tai ehk\u00e4 sinulla on yritys, jonka teht\u00e4v\u00e4n haluat jakaa.<\/p>\n<!-- \/wp:paragraph -->","_et_gb_content_width":"","footnotes":""},"class_list":["post-11","page","type-page","status-publish","has-post-thumbnail","hentry"],"_links":{"self":[{"href":"https:\/\/www.lahdenratsastajat.fi\/index.php?rest_route=\/wp\/v2\/pages\/11","targetHints":{"allow":["GET"]}}],"collection":[{"href":"https:\/\/www.lahdenratsastajat.fi\/index.php?rest_route=\/wp\/v2\/pages"}],"about":[{"href":"https:\/\/www.lahdenratsastajat.fi\/index.php?rest_route=\/wp\/v2\/types\/page"}],"author":[{"embeddable":true,"href":"https:\/\/www.lahdenratsastajat.fi\/index.php?rest_route=\/wp\/v2\/users\/1"}],"replies":[{"embeddable":true,"href":"https:\/\/www.lahdenratsastajat.fi\/index.php?rest_route=%2Fwp%2Fv2%2Fcomments&post=11"}],"version-history":[{"count":7,"href":"https:\/\/www.lahdenratsastajat.fi\/index.php?rest_route=\/wp\/v2\/pages\/11\/revisions"}],"predecessor-version":[{"id":304,"href":"https:\/\/www.lahdenratsastajat.fi\/index.php?rest_route=\/wp\/v2\/pages\/11\/revisions\/304"}],"wp:featuredmedia":[{"embeddable":true,"href":"https:\/\/www.lahdenratsastajat.fi\/index.php?rest_route=\/wp\/v2\/media\/8"}],"wp:attachment":[{"href":"https:\/\/www.lahdenratsastajat.fi\/index.php?rest_route=%2Fwp%2Fv2%2Fmedia&parent=11"}],"curies":[{"name":"wp","href":"https:\/\/api.w.org\/{rel}","templated":true}]}}