{"id":218,"date":"2025-08-21T09:07:26","date_gmt":"2025-08-21T07:07:26","guid":{"rendered":"https:\/\/www.lahdenratsastajat.fi\/?page_id=218"},"modified":"2025-08-26T08:49:40","modified_gmt":"2025-08-26T06:49:40","slug":"kepparikisat-tallille-tapahtuman-yhteydessa-31-8-2025","status":"publish","type":"page","link":"http:\/\/www.lahdenratsastajat.fi\/?page_id=218","title":{"rendered":"Kepparikisat Tallille! -tapahtuman yhteydess\u00e4 31.8.2025"},"content":{"rendered":"<p>[et_pb_section fb_built=&#8221;1&#8243; _builder_version=&#8221;4.27.4&#8243; _module_preset=&#8221;default&#8221; global_colors_info=&#8221;{}&#8221;][et_pb_row _builder_version=&#8221;4.27.4&#8243; _module_preset=&#8221;default&#8221; global_colors_info=&#8221;{}&#8221;][et_pb_column type=&#8221;4_4&#8243; _builder_version=&#8221;4.27.4&#8243; _module_preset=&#8221;default&#8221; global_colors_info=&#8221;{}&#8221;][et_pb_text _builder_version=&#8221;4.27.4&#8243; _module_preset=&#8221;default&#8221; global_colors_info=&#8221;{}&#8221;]<\/p>\n<h1>Kepparikisat Tallille!-tapahtuman yhteydess\u00e4 31.8.2025<\/h1>\n<p>[\/et_pb_text][\/et_pb_column][\/et_pb_row][et_pb_row column_structure=&#8221;1_2,1_2&#8243; _builder_version=&#8221;4.27.4&#8243; _module_preset=&#8221;default&#8221; global_colors_info=&#8221;{}&#8221;][et_pb_column type=&#8221;1_2&#8243; _builder_version=&#8221;4.27.4&#8243; _module_preset=&#8221;default&#8221; global_colors_info=&#8221;{}&#8221;][et_pb_image src=&#8221;http:\/\/www.lahdenratsastajat.fi\/wp-content\/uploads\/2025\/08\/1.jpg&#8221; title_text=&#8221;1&#8243; _builder_version=&#8221;4.27.4&#8243; _module_preset=&#8221;default&#8221; global_colors_info=&#8221;{}&#8221;][\/et_pb_image][\/et_pb_column][et_pb_column type=&#8221;1_2&#8243; _builder_version=&#8221;4.27.4&#8243; _module_preset=&#8221;default&#8221; global_colors_info=&#8221;{}&#8221;][et_pb_text _builder_version=&#8221;4.27.4&#8243; _module_preset=&#8221;default&#8221; global_colors_info=&#8221;{}&#8221;]<\/p>\n<p><span style=\"font-weight: 400;\">Lahden ratsastajat ry j\u00e4rjest\u00e4\u00e4 estekilpailut keppariharrastajille Takkulan ratsastuskeskuksessa ensi viikon sunnuntaina 31.8. Tallille! &#8211; tapahtuman yhteydess\u00e4, alkaen kello 10.<\/span><\/p>\n<h4><span style=\"font-weight: 400;\">Kilpailus\u00e4\u00e4nn\u00f6t<\/span><\/h4>\n<p><strong>Yleist\u00e4<\/strong><\/p>\n<ul>\n<li style=\"font-weight: 400;\" aria-level=\"1\"><span style=\"font-weight: 400;\">Kilpailut j\u00e4rjestet\u00e4\u00e4n Takkulan ratsastuskeskuksen isossa maneesissa, osoitteessa Takkulantie 29, Lahti.<\/span><\/li>\n<li style=\"font-weight: 400;\" aria-level=\"1\"><span style=\"font-weight: 400;\">Luokkiin saa ilmoittautua max 2 keppihevosella.<\/span><\/li>\n<li style=\"font-weight: 400;\" aria-level=\"1\"><span style=\"font-weight: 400;\">Luokka j\u00e4rjestet\u00e4\u00e4n mik\u00e4li siin\u00e4 on v\u00e4hint\u00e4\u00e4n 2 osallistujaa.<\/span><\/li>\n<li style=\"font-weight: 400;\" aria-level=\"1\"><span style=\"font-weight: 400;\">Paikan p\u00e4\u00e4ll\u00e4 mahdollisuus j\u00e4lki-ilmoittautumiseen viimeist\u00e4\u00e4n puoli tuntia ennen kilpailuluokan alkua.<\/span><\/li>\n<li style=\"font-weight: 400;\" aria-level=\"1\"><span style=\"font-weight: 400;\">Aikataulut ilmoitetaan edellisen\u00e4 p\u00e4iv\u00e4n\u00e4 ja ne on n\u00e4ht\u00e4vill\u00e4 kilpailuareenan luona kello 9.30 alkaen sunnuntaiaamuna 31.8.<\/span><\/li>\n<\/ul>\n<p><b>Ilmoittautuminen<\/b><\/p>\n<p><span style=\"font-weight: 400;\">Luokkiin ilmoittautuminen: s\u00e4hk\u00f6postiin <a href=\"mailto:jinka@lahdenratsastajat.fi\" title=\"Ilmoittautuminen kepparikisoihin\">jinka@lahdenratsastajat.fi<\/a> 29.8.2025 menness\u00e4. Kirjoita otsikoksi \u201cIlmoittautuminen kepparikilpailuihin\u201d. Kerro viestiss\u00e4si luokka, ratsastajan ja hevosen nimi, esimerkiksi: Luokka x Etunimi Sukunimi, Heppa.\u00a0<\/span><\/p>\n<p><b>Vuoden 2025 mestaruudet<\/b><\/p>\n<p><span style=\"font-weight: 400;\">Vuoden 2025 mestaruudet ratsastetaan kolmessa eri luokassa\u00a0<\/span><\/p>\n<ul>\n<li style=\"font-weight: 400;\" aria-level=\"1\"><span style=\"font-weight: 400;\">Mini: tarkoitettu korkeintaan 10-vuotiaille keppariratsastajille<\/span><\/li>\n<li style=\"font-weight: 400;\" aria-level=\"1\"><span style=\"font-weight: 400;\">Midi: tarkoitettu yli 10-vuotiaille vain jonkin aikaa harrastaneille keppariratsastajille<\/span><\/li>\n<li style=\"font-weight: 400;\" aria-level=\"1\"><span style=\"font-weight: 400;\">Max: tarkoitettu yli 10-vuotiaille kokeneille keppariratsastajille<\/span><\/li>\n<\/ul>\n<p><span style=\"font-weight: 400;\">HUOM! Yksi ratsastaja voi osallistua vain yhteen 2025-mestaruusluokkaan.<\/span><\/p>\n<p><span style=\"font-weight: 400;\">Vuoden 2025 mestaruuden voitto selvi\u00e4\u00e4 niille rajatuissa mestaruusluokissa ja niiss\u00e4 palkitaan mestaruudet luokittain.<\/span><\/p>\n<p><span style=\"font-weight: 400;\">Muut kuin vuoden 2025 mestaruusluokat ovat kaikille avoimia ja niiss\u00e4 jaetaan luokkavoitot.<\/span><\/p>\n<p><b>L\u00e4ht\u00f6maksut<\/b><\/p>\n<ul>\n<li><span style=\"font-weight: 400;\">Avoimet luokat: 10 \u20ac\/suoritus<\/span><\/li>\n<li><span style=\"font-weight: 400;\">Vuoden 2025-mestaruus luokat: 12 \u20ac\/suoritus<\/span><\/li>\n<li>N\u00e4yttelyluokka: 8 \u20ac \/ keppari<span style=\"font-weight: 400;\"><\/span><\/li>\n<li><span style=\"font-weight: 400;\">J\u00e4lki-ilmoittautuneet: Normaali l\u00e4ht\u00f6maksu + 2 \u20ac<\/span><\/li>\n<li><span style=\"font-weight: 400;\">L\u00e4ht\u00f6maksut maksetaan paikan p\u00e4\u00e4ll\u00e4 k\u00e4teisell\u00e4 tai kortilla<\/span><\/li>\n<\/ul>\n<p><b>Palkinnot<\/b><\/p>\n<p><span style=\"font-weight: 400;\">Luokissa palkitaan osallistujam\u00e4\u00e4r\u00e4st\u00e4 riippuen 1-3 ratsukkoa. Clear round -luokissa palkitaan ruusukkein kaikki puhtaan suorituksen tehneet.<\/span><\/p>\n<ul>\n<li style=\"font-weight: 400;\" aria-level=\"1\"><span style=\"font-weight: 400;\">Vuoden 2025-mestaruus luokat: ruusukkeet ja esinepalkinnot. Lis\u00e4ksi sijoittuneille jaetaan pokaalit.<\/span><\/li>\n<li style=\"font-weight: 400;\" aria-level=\"1\"><span style=\"font-weight: 400;\">Avoimissa luokissa ruusukepalkinnot ja pieni herkku.<\/span><\/li>\n<\/ul>\n<p><b>Luokat<\/b><\/p>\n<ul>\n<li><span style=\"font-weight: 400;\">Luokka 1: 30 cm\/ristikko, A.0.0, avoin kaikille keppariratsastajille<\/span><\/li>\n<li><span style=\"font-weight: 400;\">Luokka 2, Prix de Komba: Vuoden 2025-mestaruusluokka Mini, 40 cm, taitoarvostelu<\/span><\/li>\n<li><span style=\"font-weight: 400;\">Luokka 3: 50 cm, A.2.0, avoin kaikille keppariratsastajille<\/span><\/li>\n<li><span style=\"font-weight: 400;\">Luokka 4, Prix de Kuutamon KHT: Vuoden 2025-mestaruusluokka Midi, 60 cm, taitoarvostelu<\/span><\/li>\n<li><span style=\"font-weight: 400;\">Luokka 5: 70 cm, A.2.0, avoin kaikille keppariratsastajille<\/span><\/li>\n<li><span style=\"font-weight: 400;\">Luokka 6, Prix de Almanhepat: Vuoden 2025-mestaruusluokka Max, 80 cm, taitoarvostelu<\/span><\/li>\n<li><span style=\"font-weight: 400;\">Luokka 7: 90-100 cm, A.0.0, avoin kaikille keppariratsastajille<\/span><\/li>\n<\/ul>\n<p><b>N\u00e4yttelyluokat\u00a0<\/b><\/p>\n<ul>\n<li><span style=\"font-weight: 400;\">Luokka 1: Avoin hevosille<\/span><\/li>\n<li><span style=\"font-weight: 400;\">Luokka 2: Avoin poneille<\/span><\/li>\n<li><span style=\"font-weight: 400;\">Luokka 3: Avoin varsoille<\/span><\/li>\n<\/ul>\n<p><span style=\"font-weight: 400;\">Yleis\u00f6 \u00e4\u00e4nest\u00e4\u00e4 voittajia my\u00f6hemmin ilmoitettava aikana.<\/span><span style=\"font-weight: 400;\"> (Jolloin kepparit ovat tietyss\u00e4 paikassa rajatun \u00e4\u00e4nestys ajan. Huomioithan ettet voi kilpailla samalla kepparilla \u00e4\u00e4nestyksen aikana!)<\/span><\/p>\n<p><span style=\"font-weight: 400;\">Jokaiseen luokkaan otetaan max 10 kepparia. Luokka j\u00e4rjestet\u00e4\u00e4n jos on v\u00e4hint\u00e4\u00e4n 3 osallistujaa.<\/span><\/p>\n<p><span style=\"font-weight: 400;\">Palkintona ruusuke osallistujam\u00e4\u00e4r\u00e4st\u00e4 riippuen 1-3 kepparia.<\/span><\/p>\n<p><b>Tsempparipalkinto<\/b><\/p>\n<p><span style=\"font-weight: 400;\">Kilpailussa jaetaan kaikkien osallistujien kesken tsempparipalkinto. <\/span><span style=\"font-weight: 400;\">Tsempparipalkinto my\u00f6nnet\u00e4\u00e4n iloisesta ja kannustavasta asenteesta, reilusta kisahengest\u00e4 sek\u00e4 rohkeudesta osallistua kisaan t\u00e4ysill\u00e4. Palkinnon saajan valitsee tuomari ja kilpailunjohtaja.<\/span><\/p>\n<p><span style=\"font-weight: 400;\">Palkinnon sponsoroi<\/span><b> Eponi Hobbyhorses<\/b><span style=\"font-weight: 400;\">.<\/span><\/p>\n<p><span style=\"font-weight: 400;\">Kysytt\u00e4v\u00e4\u00e4 kisoista? Laita viesti\u00e4!<\/span><\/p>\n<p><b>Toimihenkil\u00f6t\u00a0<\/b><\/p>\n<p><span style=\"font-weight: 400;\">Kilpailunjohtaja Jinka Linna p. 045 78740710\u00a0<\/span><\/p>\n<p><span style=\"font-weight: 400;\">Tuomari Moona Manninen<\/span><\/p>\n<p><em><span style=\"font-weight: 400;\">J\u00e4rjest\u00e4j\u00e4 pid\u00e4tt\u00e4\u00e4 oikeuden muutoksiin.<\/span><\/em><\/p>\n<p>[\/et_pb_text][\/et_pb_column][\/et_pb_row][\/et_pb_section]<\/p>\n","protected":false},"excerpt":{"rendered":"<p>Kepparikisat Tallille!-tapahtuman yhteydess\u00e4 31.8.2025Lahden ratsastajat ry j\u00e4rjest\u00e4\u00e4 estekilpailut keppariharrastajille Takkulan ratsastuskeskuksessa ensi viikon sunnuntaina 31.8. Tallille! &#8211; tapahtuman yhteydess\u00e4, alkaen kello 10. Kilpailus\u00e4\u00e4nn\u00f6t Yleist\u00e4 Kilpailut j\u00e4rjestet\u00e4\u00e4n Takkulan ratsastuskeskuksen isossa maneesissa, osoitteessa Takkulantie 29, Lahti. Luokkiin saa ilmoittautua max 2 keppihevosella. Luokka j\u00e4rjestet\u00e4\u00e4n mik\u00e4li siin\u00e4 on v\u00e4hint\u00e4\u00e4n 2 osallistujaa. Paikan p\u00e4\u00e4ll\u00e4 mahdollisuus j\u00e4lki-ilmoittautumiseen viimeist\u00e4\u00e4n puoli tuntia [&hellip;]<\/p>\n","protected":false},"author":1,"featured_media":0,"parent":0,"menu_order":0,"comment_status":"closed","ping_status":"closed","template":"","meta":{"_et_pb_use_builder":"on","_et_pb_old_content":"","_et_gb_content_width":"","footnotes":""},"class_list":["post-218","page","type-page","status-publish","hentry"],"_links":{"self":[{"href":"http:\/\/www.lahdenratsastajat.fi\/index.php?rest_route=\/wp\/v2\/pages\/218","targetHints":{"allow":["GET"]}}],"collection":[{"href":"http:\/\/www.lahdenratsastajat.fi\/index.php?rest_route=\/wp\/v2\/pages"}],"about":[{"href":"http:\/\/www.lahdenratsastajat.fi\/index.php?rest_route=\/wp\/v2\/types\/page"}],"author":[{"embeddable":true,"href":"http:\/\/www.lahdenratsastajat.fi\/index.php?rest_route=\/wp\/v2\/users\/1"}],"replies":[{"embeddable":true,"href":"http:\/\/www.lahdenratsastajat.fi\/index.php?rest_route=%2Fwp%2Fv2%2Fcomments&post=218"}],"version-history":[{"count":5,"href":"http:\/\/www.lahdenratsastajat.fi\/index.php?rest_route=\/wp\/v2\/pages\/218\/revisions"}],"predecessor-version":[{"id":245,"href":"http:\/\/www.lahdenratsastajat.fi\/index.php?rest_route=\/wp\/v2\/pages\/218\/revisions\/245"}],"wp:attachment":[{"href":"http:\/\/www.lahdenratsastajat.fi\/index.php?rest_route=%2Fwp%2Fv2%2Fmedia&parent=218"}],"curies":[{"name":"wp","href":"https:\/\/api.w.org\/{rel}","templated":true}]}}